{"id":3428,"date":"2023-05-31T12:21:11","date_gmt":"2023-05-31T09:21:11","guid":{"rendered":"https:\/\/ubcgroups.com\/?page_id=3428"},"modified":"2023-06-09T16:36:52","modified_gmt":"2023-06-09T13:36:52","slug":"recruitment","status":"publish","type":"page","link":"https:\/\/ubcgroups.com\/ar\/recruitment\/","title":{"rendered":"\u0627\u0644\u0645\u0648\u0627\u0631\u062f \u0627\u0644\u0628\u0634\u0631\u064a\u0629"},"content":{"rendered":"<div data-elementor-type=\"wp-page\" data-elementor-id=\"3428\" class=\"elementor elementor-3428\">\n\t\t\t\t\t\t\t\t\t<section class=\"elementor-section elementor-top-section elementor-element elementor-element-1862103c elementor-section-full_width elementor-section-height-min-height elementor-section-stretched elementor-section-height-default elementor-section-items-middle\" data-id=\"1862103c\" data-element_type=\"section\" data-settings=\"{&quot;stretch_section&quot;:&quot;section-stretched&quot;,&quot;background_background&quot;:&quot;classic&quot;,&quot;background_motion_fx_motion_fx_mouse&quot;:&quot;yes&quot;,&quot;background_motion_fx_mouseTrack_effect&quot;:&quot;yes&quot;,&quot;background_motion_fx_mouseTrack_speed&quot;:{&quot;unit&quot;:&quot;px&quot;,&quot;size&quot;:0.5,&quot;sizes&quot;:[]},&quot;background_motion_fx_mouseTrack_direction&quot;:&quot;negative&quot;}\" data-e-bg-lazyload=\"\">\n\t\t\t\t\t\t<div class=\"elementor-container elementor-column-gap-default\">\n\t\t\t\t\t<div class=\"elementor-column elementor-col-100 elementor-top-column elementor-element elementor-element-300b9471\" data-id=\"300b9471\" data-element_type=\"column\">\n\t\t\t<div class=\"elementor-widget-wrap elementor-element-populated\">\n\t\t\t\t\t\t\t\t<div class=\"elementor-element elementor-element-44eb2d1d elementor-widget elementor-widget-heading\" data-id=\"44eb2d1d\" data-element_type=\"widget\" data-widget_type=\"heading.default\">\n\t\t\t\t<div class=\"elementor-widget-container\">\n\t\t\t<h2 class=\"elementor-heading-title elementor-size-default\">\u0646\u062d\u0646 \u0646\u0642\u062f\u0645 \u0645\u062c\u0645\u0648\u0639\u0629 \u0634\u0627\u0645\u0644\u0629 <br>\u0645\u0646 \u0627\u0644\u062e\u062f\u0645\u0627\u062a \u0644\u062c\u0645\u064a\u0639 \u0645\u0648\u0638\u0641\u064a\u0646\u0627<br> \u0648\u0627\u0644\u0645\u0624\u0633\u0633\u0627\u062a \u0627\u0644\u062a\u064a \u0646\u062e\u062f\u0645\u0647\u0627<\/h2>\t\t<\/div>\n\t\t\t\t<\/div>\n\t\t\t\t<section class=\"elementor-section elementor-inner-section elementor-element elementor-element-7c2025e elementor-section-content-middle elementor-section-boxed elementor-section-height-default elementor-section-height-default\" data-id=\"7c2025e\" data-element_type=\"section\">\n\t\t\t\t\t\t<div class=\"elementor-container elementor-column-gap-custom\">\n\t\t\t\t\t<div class=\"elementor-column elementor-col-50 elementor-inner-column elementor-element elementor-element-4cd4455b\" data-id=\"4cd4455b\" data-element_type=\"column\">\n\t\t\t<div class=\"elementor-widget-wrap elementor-element-populated\">\n\t\t\t\t\t\t\t\t<div class=\"elementor-element elementor-element-30099a46 elementor-widget elementor-widget-video\" data-id=\"30099a46\" data-element_type=\"widget\" data-settings=\"{&quot;youtube_url&quot;:&quot;https:\\\/\\\/youtu.be\\\/mZoT7MhB6VI&quot;,&quot;start&quot;:160,&quot;autoplay&quot;:&quot;yes&quot;,&quot;play_on_mobile&quot;:&quot;yes&quot;,&quot;mute&quot;:&quot;yes&quot;,&quot;loop&quot;:&quot;yes&quot;,&quot;yt_privacy&quot;:&quot;yes&quot;,&quot;video_type&quot;:&quot;youtube&quot;}\" data-widget_type=\"video.default\">\n\t\t\t\t<div class=\"elementor-widget-container\">\n\t\t\t\t\t<div class=\"elementor-wrapper elementor-open-inline\">\n\t\t\t<div class=\"elementor-video\"><\/div>\t\t<\/div>\n\t\t\t\t<\/div>\n\t\t\t\t<\/div>\n\t\t\t\t\t<\/div>\n\t\t<\/div>\n\t\t\t\t<div class=\"elementor-column elementor-col-50 elementor-inner-column elementor-element elementor-element-3d874f0\" data-id=\"3d874f0\" data-element_type=\"column\">\n\t\t\t<div class=\"elementor-widget-wrap elementor-element-populated\">\n\t\t\t\t\t\t\t\t<div class=\"elementor-element elementor-element-7db9351c elementor-widget elementor-widget-text-editor\" data-id=\"7db9351c\" data-element_type=\"widget\" data-widget_type=\"text-editor.default\">\n\t\t\t\t<div class=\"elementor-widget-container\">\n\t\t\t\t\t\t\t<p>\u062a\u0639\u0645\u0644 \u0645\u062c\u0645\u0648\u0639\u0629 UBC\u060c \u0648\u0647\u064a \u0644\u0627\u0639\u0628 \u0628\u0627\u0631\u0632 \u0641\u064a \u0642\u0637\u0627\u0639 \u0627\u0644\u062a\u0648\u0638\u064a\u0641\u060c \u0645\u0646 \u062e\u0644\u0627\u0644 \u0634\u0631\u0643\u0629 \u062a\u0648\u0638\u064a\u0641 \u062a\u0643\u0646\u0648\u0644\u0648\u062c\u064a\u0627 \u0627\u0644\u0645\u0639\u0644\u0648\u0645\u0627\u062a \u0627\u0644\u0645\u0633\u0645\u0627\u0629 UBC \u0130\u015fkur \u0641\u064a \u062a\u0631\u0643\u064a\u0627. UBC \u0130\u015fkur \u0645\u062a\u062e\u0635\u0635\u0629 \u0641\u064a \u062a\u0642\u062f\u064a\u0645 \u062e\u062f\u0645\u0627\u062a \u062a\u0648\u0638\u064a\u0641 \u0634\u0627\u0645\u0644\u0629 \u0645\u0635\u0645\u0645\u0629 \u062e\u0635\u064a\u0635\u0627 \u0644\u0635\u0646\u0627\u0639\u0627\u062a \u0627\u0644\u0641\u0646\u0627\u062f\u0642 \u0648\u0627\u0644\u0645\u0635\u0627\u0646\u0639. \u0628\u0641\u0636\u0644 \u062e\u0628\u0631\u062a\u0647\u0627 \u0627\u0644\u0648\u0627\u0633\u0639\u0629 \u0648\u062e\u0628\u0631\u062a\u0647\u0627\u060c \u0628\u0631\u0632\u062a UBC \u0130\u015fkur \u0643\u0634\u0631\u064a\u0643 \u0645\u0648\u062b\u0648\u0642 \u0628\u0647 \u0644\u0644\u0639\u062f\u064a\u062f \u0645\u0646 \u0627\u0644\u0641\u0646\u0627\u062f\u0642 \u0648\u0627\u0644\u0645\u0635\u0627\u0646\u0639 \u0641\u064a \u062c\u0645\u064a\u0639 \u0623\u0646\u062d\u0627\u0621 \u0627\u0644\u0628\u0644\u0627\u062f.<\/p><p>\u0648\u0645\u0646 \u0627\u0644\u0645\u0645\u064a\u0632\u0627\u062a \u0627\u0644\u062c\u062f\u064a\u0631\u0629 \u0628\u0627\u0644\u0645\u0644\u0627\u062d\u0638\u0629 \u0644\u0634\u0631\u0643\u0629 UBC \u0130\u015fkur \u0623\u0646\u0647\u0627 \u0645\u0646 \u0628\u064a\u0646 \u0627\u0644\u0634\u0631\u0643\u0627\u062a \u0627\u0644\u0639\u0634\u0631 \u0627\u0644\u0645\u0631\u062e\u0635\u0629 \u0648\u0627\u0644\u0645\u0631\u062e\u0635\u0629 \u0645\u0646 \u0642\u0628\u0644 \u0627\u0644\u0628\u0631\u0644\u0645\u0627\u0646 \u0627\u0644\u062a\u0631\u0643\u064a \u0644\u0644\u0639\u0645\u0644 \u0641\u064a \u0642\u0637\u0627\u0639 \u0627\u0644\u062a\u0648\u0638\u064a\u0641. \u064a\u0648\u0636\u062d \u0647\u0630\u0627 \u0627\u0644\u062a\u0642\u062f\u064a\u0631 \u0627\u0644\u0645\u0648\u0642\u0631 \u0627\u0644\u062a\u0632\u0627\u0645 \u0627\u0644\u0634\u0631\u0643\u0629 \u0628\u0627\u0644\u0644\u0648\u0627\u0626\u062d \u0627\u0644\u0635\u0627\u0631\u0645\u0629 \u0648\u0627\u0644\u0645\u0639\u0627\u064a\u064a\u0631 \u0627\u0644\u0645\u0647\u0646\u064a\u0629 \u0648\u0627\u0644\u0645\u0645\u0627\u0631\u0633\u0627\u062a \u0627\u0644\u0623\u062e\u0644\u0627\u0642\u064a\u0629 \u0641\u064a \u0639\u0645\u0644\u064a\u0627\u062a\u0647\u0627.<\/p>\t\t\t\t\t\t<\/div>\n\t\t\t\t<\/div>\n\t\t\t\t\t<\/div>\n\t\t<\/div>\n\t\t\t\t\t\t\t<\/div>\n\t\t<\/section>\n\t\t\t\t\t<\/div>\n\t\t<\/div>\n\t\t\t\t\t\t\t<\/div>\n\t\t<\/section>\n\t\t\t\t<section class=\"elementor-section elementor-top-section elementor-element elementor-element-7f465024 elementor-section-full_width elementor-section-height-min-height elementor-section-items-stretch elementor-section-content-middle elementor-section-height-default\" data-id=\"7f465024\" data-element_type=\"section\">\n\t\t\t\t\t\t<div class=\"elementor-container elementor-column-gap-no\">\n\t\t\t\t\t<div class=\"elementor-column elementor-col-50 elementor-top-column elementor-element elementor-element-6864f36c\" data-id=\"6864f36c\" data-element_type=\"column\">\n\t\t\t<div class=\"elementor-widget-wrap elementor-element-populated\">\n\t\t\t\t\t\t\t\t<section class=\"elementor-section elementor-inner-section elementor-element elementor-element-69f96fe4 elementor-section-boxed elementor-section-height-default elementor-section-height-default\" data-id=\"69f96fe4\" data-element_type=\"section\">\n\t\t\t\t\t\t<div class=\"elementor-container elementor-column-gap-wide\">\n\t\t\t\t\t<div class=\"elementor-column elementor-col-100 elementor-inner-column elementor-element elementor-element-78ee3d3b\" data-id=\"78ee3d3b\" data-element_type=\"column\">\n\t\t\t<div class=\"elementor-widget-wrap elementor-element-populated\">\n\t\t\t\t\t\t\t\t<div class=\"elementor-element elementor-element-4debc95 elementor-widget elementor-widget-heading\" data-id=\"4debc95\" data-element_type=\"widget\" data-widget_type=\"heading.default\">\n\t\t\t\t<div class=\"elementor-widget-container\">\n\t\t\t<h2 class=\"elementor-heading-title elementor-size-default\">\u0627\u0644\u062a\u0639\u0627\u0648\u0646 \u0627\u0644\u0645\u0634\u062a\u0631\u0643<\/h2>\t\t<\/div>\n\t\t\t\t<\/div>\n\t\t\t\t<div class=\"elementor-element elementor-element-5f9e8cc9 elementor-widget elementor-widget-spacer\" data-id=\"5f9e8cc9\" data-element_type=\"widget\" data-widget_type=\"spacer.default\">\n\t\t\t\t<div class=\"elementor-widget-container\">\n\t\t\t\t\t<div class=\"elementor-spacer\">\n\t\t\t<div class=\"elementor-spacer-inner\"><\/div>\n\t\t<\/div>\n\t\t\t\t<\/div>\n\t\t\t\t<\/div>\n\t\t\t\t<div class=\"elementor-element elementor-element-220b5e51 elementor-widget elementor-widget-text-editor\" data-id=\"220b5e51\" data-element_type=\"widget\" data-widget_type=\"text-editor.default\">\n\t\t\t\t<div class=\"elementor-widget-container\">\n\t\t\t\t\t\t\t<p>\u0644\u0642\u062f \u0623\u062b\u0628\u062a \u0627\u0644\u062a\u0639\u0627\u0648\u0646 \u0628\u064a\u0646\u0646\u0627 \u0648\u0628\u064a\u0646 \u0639\u0645\u0644\u0627\u0626\u0646\u0627 \u0641\u064a \u0642\u0637\u0627\u0639\u064a \u0627\u0644\u0641\u0646\u0627\u062f\u0642 \u0648\u0627\u0644\u0645\u0635\u0627\u0646\u0639 \u0623\u0646\u0647 \u0645\u0641\u064a\u062f \u0644\u0644\u0637\u0631\u0641\u064a\u0646. \u0645\u0646 \u062e\u0644\u0627\u0644 \u0639\u0645\u0644\u064a\u0627\u062a \u0627\u0644\u0641\u062d\u0635 \u0627\u0644\u062f\u0642\u064a\u0642\u0629\u060c \u062a\u0636\u0645\u0646 UBC \u0130\u015fkur \u0627\u062e\u062a\u064a\u0627\u0631 \u0627\u0644\u0623\u0641\u0631\u0627\u062f \u0627\u0644\u0645\u0624\u0647\u0644\u064a\u0646 \u0648\u0627\u0644\u0645\u0647\u0631\u0629 \u0644\u0634\u063a\u0644 \u0645\u0646\u0627\u0635\u0628 \u0645\u062e\u062a\u0644\u0641\u0629 \u0641\u064a \u0647\u0630\u0647 \u0627\u0644\u0635\u0646\u0627\u0639\u0627\u062a. \u0645\u0646 \u062e\u0644\u0627\u0644 \u0627\u0644\u062d\u0641\u0627\u0638 \u0639\u0644\u0649 \u0634\u0628\u0643\u0629 \u0648\u0627\u0633\u0639\u0629 \u0645\u0646 \u0627\u0644\u0645\u0631\u0634\u062d\u064a\u0646 \u0627\u0644\u0645\u062d\u062a\u0645\u0644\u064a\u0646\u060c UBC \u0130\u015fkur \u064a\u0637\u0627\u0628\u0642 \u0628\u0643\u0641\u0627\u0621\u0629 \u0645\u062a\u0637\u0644\u0628\u0627\u062a \u0645\u062d\u062f\u062f\u0629 \u0645\u0646 \u0627\u0644\u0641\u0646\u0627\u062f\u0642 \u0648\u0627\u0644\u0645\u0635\u0627\u0646\u0639 \u0645\u0639 \u0627\u0644\u0645\u0631\u0634\u062d\u064a\u0646 \u0627\u0644\u0623\u0643\u062b\u0631 \u0645\u0644\u0627\u0621\u0645\u0629\u060c \u0648\u062a\u0639\u0632\u064a\u0632 \u0627\u0644\u0646\u062c\u0627\u062d \u0639\u0644\u0649 \u0627\u0644\u0645\u062f\u0649 \u0627\u0644\u0637\u0648\u064a\u0644 \u0648\u0627\u0644\u0646\u0645\u0648 \u0644\u0643\u0644\u0627 \u0627\u0644\u0637\u0631\u0641\u064a\u0646.<\/p><p>\u062a\u0645\u062a\u062f \u062e\u062f\u0645\u0627\u062a \u0627\u0644\u062a\u0648\u0638\u064a\u0641 \u0627\u0644\u062a\u064a \u062a\u0642\u062f\u0645\u0647\u0627 UBC \u0130\u015fkur \u0625\u0644\u0649 \u0645\u0627 \u0647\u0648 \u0623\u0628\u0639\u062f \u0645\u0646 \u0627\u0644\u062a\u0646\u0633\u064a\u0628 \u0627\u0644\u0623\u0648\u0644\u064a \u0644\u0644\u0645\u0648\u0638\u0641\u064a\u0646. \u0643\u0645\u0627 \u062a\u0642\u062f\u0645 \u0627\u0644\u0634\u0631\u0643\u0629 \u0627\u0644\u062f\u0639\u0645 \u0627\u0644\u0645\u0633\u062a\u0645\u0631 \u0648\u0627\u0644\u0645\u0631\u0627\u0642\u0628\u0629 \u0648\u0627\u0644\u0645\u062a\u0627\u0628\u0639\u0629\u060c \u0645\u0645\u0627 \u064a\u0636\u0645\u0646 \u0627\u0644\u062a\u0643\u0627\u0645\u0644 \u0627\u0644\u0633\u0644\u0633 \u0644\u0644\u0645\u0648\u0638\u0641\u064a\u0646 \u0627\u0644\u0645\u0639\u064a\u0646\u064a\u0646 \u0641\u064a \u0628\u064a\u0626\u0627\u062a \u0639\u0645\u0644\u0647\u0645 \u0627\u0644\u062c\u062f\u064a\u062f\u0629. \u064a\u0639\u0632\u0632 \u0647\u0630\u0627 \u0627\u0644\u0646\u0647\u062c \u0627\u0644\u0634\u0627\u0645\u0644 \u0639\u0644\u0627\u0642\u0627\u062a \u0639\u0645\u0644 \u0642\u0648\u064a\u0629 \u0628\u064a\u0646 \u0623\u0635\u062d\u0627\u0628 \u0627\u0644\u0639\u0645\u0644 \u0648\u0627\u0644\u0645\u0648\u0638\u0641\u064a\u0646\u060c \u0645\u0645\u0627 \u064a\u0624\u062f\u064a \u0625\u0644\u0649 \u062a\u0639\u0632\u064a\u0632 \u0627\u0644\u0625\u0646\u062a\u0627\u062c\u064a\u0629 \u0648\u0627\u0644\u0631\u0636\u0627 \u0627\u0644\u0648\u0638\u064a\u0641\u064a \u0648\u0627\u0644\u0646\u062c\u0627\u062d \u0627\u0644\u062a\u0646\u0638\u064a\u0645\u064a \u0641\u064a \u0646\u0647\u0627\u064a\u0629 \u0627\u0644\u0645\u0637\u0627\u0641.<\/p>\t\t\t\t\t\t<\/div>\n\t\t\t\t<\/div>\n\t\t\t\t<div class=\"elementor-element elementor-element-bf78dcc elementor-widget elementor-widget-spacer\" data-id=\"bf78dcc\" data-element_type=\"widget\" data-widget_type=\"spacer.default\">\n\t\t\t\t<div class=\"elementor-widget-container\">\n\t\t\t\t\t<div class=\"elementor-spacer\">\n\t\t\t<div class=\"elementor-spacer-inner\"><\/div>\n\t\t<\/div>\n\t\t\t\t<\/div>\n\t\t\t\t<\/div>\n\t\t\t\t\t<\/div>\n\t\t<\/div>\n\t\t\t\t\t\t\t<\/div>\n\t\t<\/section>\n\t\t\t\t\t<\/div>\n\t\t<\/div>\n\t\t\t\t<div class=\"elementor-column elementor-col-50 elementor-top-column elementor-element elementor-element-56ece5d7\" data-id=\"56ece5d7\" data-element_type=\"column\" data-settings=\"{&quot;background_background&quot;:&quot;classic&quot;}\" data-e-bg-lazyload=\".elementor-element-populated\">\n\t\t\t<div class=\"elementor-widget-wrap elementor-element-populated\">\n\t\t\t\t\t<div class=\"elementor-background-overlay\"><\/div>\n\t\t\t\t\t\t\t\t<div class=\"elementor-element elementor-element-46ba8889 elementor-widget elementor-widget-spacer\" data-id=\"46ba8889\" data-element_type=\"widget\" data-widget_type=\"spacer.default\">\n\t\t\t\t<div class=\"elementor-widget-container\">\n\t\t\t\t\t<div class=\"elementor-spacer\">\n\t\t\t<div class=\"elementor-spacer-inner\"><\/div>\n\t\t<\/div>\n\t\t\t\t<\/div>\n\t\t\t\t<\/div>\n\t\t\t\t\t<\/div>\n\t\t<\/div>\n\t\t\t\t\t\t\t<\/div>\n\t\t<\/section>\n\t\t\t\t<section class=\"elementor-section elementor-top-section elementor-element elementor-element-34a2c6f2 elementor-section-full_width elementor-section-height-min-height elementor-section-items-stretch elementor-section-content-middle elementor-reverse-mobile elementor-section-height-default\" data-id=\"34a2c6f2\" data-element_type=\"section\">\n\t\t\t\t\t\t<div class=\"elementor-container elementor-column-gap-no\">\n\t\t\t\t\t<div class=\"elementor-column elementor-col-50 elementor-top-column elementor-element elementor-element-5243694c\" data-id=\"5243694c\" data-element_type=\"column\" data-settings=\"{&quot;background_background&quot;:&quot;slideshow&quot;,&quot;background_slideshow_gallery&quot;:[{&quot;id&quot;:3814,&quot;url&quot;:&quot;https:\\\/\\\/ubcgroups.com\\\/wp-content\\\/uploads\\\/2023\\\/06\\\/beleg1.ca4d8ef5.png&quot;},{&quot;id&quot;:3816,&quot;url&quot;:&quot;https:\\\/\\\/ubcgroups.com\\\/wp-content\\\/uploads\\\/2023\\\/06\\\/beleg2.827bc4d3.png&quot;}],&quot;background_slideshow_transition_duration&quot;:2000,&quot;background_slideshow_ken_burns&quot;:&quot;yes&quot;,&quot;background_slideshow_loop&quot;:&quot;yes&quot;,&quot;background_slideshow_slide_duration&quot;:5000,&quot;background_slideshow_slide_transition&quot;:&quot;fade&quot;,&quot;background_slideshow_ken_burns_zoom_direction&quot;:&quot;in&quot;}\">\n\t\t\t<div class=\"elementor-widget-wrap elementor-element-populated\">\n\t\t\t\t\t\t\t\t<div class=\"elementor-element elementor-element-1ba44f5a elementor-widget elementor-widget-spacer\" data-id=\"1ba44f5a\" data-element_type=\"widget\" data-widget_type=\"spacer.default\">\n\t\t\t\t<div class=\"elementor-widget-container\">\n\t\t\t\t\t<div class=\"elementor-spacer\">\n\t\t\t<div class=\"elementor-spacer-inner\"><\/div>\n\t\t<\/div>\n\t\t\t\t<\/div>\n\t\t\t\t<\/div>\n\t\t\t\t\t<\/div>\n\t\t<\/div>\n\t\t\t\t<div class=\"elementor-column elementor-col-50 elementor-top-column elementor-element elementor-element-e78281f\" data-id=\"e78281f\" data-element_type=\"column\">\n\t\t\t<div class=\"elementor-widget-wrap elementor-element-populated\">\n\t\t\t\t\t\t\t\t<section class=\"elementor-section elementor-inner-section elementor-element elementor-element-1f20f2bb elementor-section-boxed elementor-section-height-default elementor-section-height-default\" data-id=\"1f20f2bb\" data-element_type=\"section\">\n\t\t\t\t\t\t<div class=\"elementor-container elementor-column-gap-wide\">\n\t\t\t\t\t<div class=\"elementor-column elementor-col-100 elementor-inner-column elementor-element elementor-element-329f8c0b\" data-id=\"329f8c0b\" data-element_type=\"column\">\n\t\t\t<div class=\"elementor-widget-wrap elementor-element-populated\">\n\t\t\t\t\t\t\t\t<div class=\"elementor-element elementor-element-304f338 elementor-widget elementor-widget-heading\" data-id=\"304f338\" data-element_type=\"widget\" data-widget_type=\"heading.default\">\n\t\t\t\t<div class=\"elementor-widget-container\">\n\t\t\t<h2 class=\"elementor-heading-title elementor-size-default\">\u0641\u064a \u0627\u0644\u062e\u062a\u0627\u0645<\/h2>\t\t<\/div>\n\t\t\t\t<\/div>\n\t\t\t\t<div class=\"elementor-element elementor-element-68584615 elementor-widget elementor-widget-spacer\" data-id=\"68584615\" data-element_type=\"widget\" data-widget_type=\"spacer.default\">\n\t\t\t\t<div class=\"elementor-widget-container\">\n\t\t\t\t\t<div class=\"elementor-spacer\">\n\t\t\t<div class=\"elementor-spacer-inner\"><\/div>\n\t\t<\/div>\n\t\t\t\t<\/div>\n\t\t\t\t<\/div>\n\t\t\t\t<div class=\"elementor-element elementor-element-59d3b140 elementor-widget elementor-widget-text-editor\" data-id=\"59d3b140\" data-element_type=\"widget\" data-widget_type=\"text-editor.default\">\n\t\t\t\t<div class=\"elementor-widget-container\">\n\t\t\t\t\t\t\t<p>\u0641\u064a \u0627\u0644\u062e\u062a\u0627\u0645\u060c \u0623\u0646\u0634\u0623\u062a UBC \u0130\u015fkur\u060c \u0627\u0644\u062a\u064a \u062a\u0639\u0645\u0644 \u062a\u062d\u062a \u0645\u0638\u0644\u0629 \u0645\u062c\u0645\u0648\u0639\u0629 UBC\u060c \u0646\u0641\u0633\u0647\u0627 \u0643\u0634\u0631\u0643\u0629 \u062a\u0648\u0638\u064a\u0641 \u0631\u0627\u0626\u062f\u0629 \u0641\u064a \u0642\u0637\u0627\u0639\u0627\u062a \u0627\u0644\u0641\u0646\u0627\u062f\u0642 \u0648\u0627\u0644\u0645\u0635\u0627\u0646\u0639 \u0641\u064a \u062a\u0631\u0643\u064a\u0627. \u0627\u0639\u062a\u0631\u0627\u0641\u0647\u0627 \u0643\u0648\u0627\u062d\u062f\u0629 \u0645\u0646 \u0627\u0644\u0634\u0631\u0643\u0627\u062a \u0627\u0644\u0639\u0634\u0631 \u0627\u0644\u0645\u0631\u062e\u0635\u0629 \u0645\u0646 \u0642\u0628\u0644 \u0627\u0644\u0628\u0631\u0644\u0645\u0627\u0646 \u0627\u0644\u062a\u0631\u0643\u064a \u064a\u0633\u0644\u0637 \u0627\u0644\u0636\u0648\u0621 \u0639\u0644\u0649 \u0627\u0644\u062a\u0632\u0627\u0645\u0647\u0627 \u0628\u0627\u0644\u062a\u0645\u064a\u0632 \u0648\u0627\u0644\u0627\u0645\u062a\u062b\u0627\u0644 \u0644\u0644\u0648\u0627\u0626\u062d \u0627\u0644\u0635\u0646\u0627\u0639\u0629. \u0645\u0646 \u062e\u0644\u0627\u0644 \u062a\u0642\u062f\u064a\u0645 \u062e\u062f\u0645\u0627\u062a \u062a\u0648\u0638\u064a\u0641 \u0645\u062e\u0635\u0635\u0629 \u0648\u0627\u0644\u062d\u0641\u0627\u0638 \u0639\u0644\u0649 \u0639\u0644\u0627\u0642\u0627\u062a \u0642\u0648\u064a\u0629 \u0645\u0639 \u0627\u0644\u0639\u0645\u0644\u0627\u0621\u060c \u062a\u0633\u0627\u0647\u0645 UBC \u0130\u015fkur \u0641\u064a \u0627\u0644\u0646\u0645\u0648 \u0648\u0627\u0644\u0627\u0632\u062f\u0647\u0627\u0631 \u0627\u0644\u0639\u0627\u0645 \u0644\u0644\u0634\u0631\u0643\u0627\u062a \u0627\u0644\u062a\u064a \u062a\u062e\u062f\u0645\u0647\u0627.<\/p>\t\t\t\t\t\t<\/div>\n\t\t\t\t<\/div>\n\t\t\t\t<div class=\"elementor-element elementor-element-189a541b elementor-widget elementor-widget-spacer\" data-id=\"189a541b\" data-element_type=\"widget\" data-widget_type=\"spacer.default\">\n\t\t\t\t<div class=\"elementor-widget-container\">\n\t\t\t\t\t<div class=\"elementor-spacer\">\n\t\t\t<div class=\"elementor-spacer-inner\"><\/div>\n\t\t<\/div>\n\t\t\t\t<\/div>\n\t\t\t\t<\/div>\n\t\t\t\t\t<\/div>\n\t\t<\/div>\n\t\t\t\t\t\t\t<\/div>\n\t\t<\/section>\n\t\t\t\t\t<\/div>\n\t\t<\/div>\n\t\t\t\t\t\t\t<\/div>\n\t\t<\/section>\n\t\t\t\t<section class=\"elementor-section elementor-top-section elementor-element elementor-element-facffaf elementor-section-height-min-height elementor-section-boxed elementor-section-height-default elementor-section-items-middle\" data-id=\"facffaf\" data-element_type=\"section\" data-settings=\"{&quot;background_background&quot;:&quot;classic&quot;}\">\n\t\t\t\t\t\t<div class=\"elementor-container elementor-column-gap-default\">\n\t\t\t\t\t<div class=\"elementor-column elementor-col-100 elementor-top-column elementor-element elementor-element-5231731c\" data-id=\"5231731c\" data-element_type=\"column\">\n\t\t\t<div class=\"elementor-widget-wrap elementor-element-populated\">\n\t\t\t\t\t\t\t\t<div class=\"elementor-element elementor-element-769f46bd elementor-widget elementor-widget-heading\" data-id=\"769f46bd\" data-element_type=\"widget\" data-widget_type=\"heading.default\">\n\t\t\t\t<div class=\"elementor-widget-container\">\n\t\t\t<h4 class=\"elementor-heading-title elementor-size-default\">\u0627\u0644\u0634\u0631\u0643\u0627\u062a \u0641\u064a \u0647\u0630\u0627 \u0627\u0644\u0642\u0637\u0627\u0639<\/h4>\t\t<\/div>\n\t\t\t\t<\/div>\n\t\t\t\t<div class=\"elementor-element elementor-element-3d2a15a5 elementor-widget elementor-widget-the7_photo-scroller\" data-id=\"3d2a15a5\" data-element_type=\"widget\" data-settings=\"{&quot;autoplay_speed&quot;:5000}\" data-widget_type=\"the7_photo-scroller.default\">\n\t\t\t\t<div class=\"elementor-widget-container\">\n\t\t\t\t\t<div class=\"photo-scroller the7_photo-scroller-3d2a15a5 fullscreen-on\" data-scale=\"fill\" data-autoslide=\"true\" data-play-on-hover=\"true\" data-delay=\"5000\" data-show-thumbnails=\"false\" data-thumb-position=\"\" data-thumb-height=\"0\" data-thumb-width=\"0\" data-thumb-space=\"0\" data-thumb-padding-top=\"0\" data-thumb-padding-bottom=\"0\" data-cntr-space-bottom=\"0\" data-transparency=\"0.15\" data-arrows=\"true\" data-arrows_tablet=\"true\" data-arrows_mobile=\"true\" data-next-icon=\"fas fa-chevron-right\" data-prev-icon=\"fas fa-chevron-left\" data-r-arrow-v-position=\"center\" data-r-arrow-h-position=\"right\" data-l-arrow-v-position=\"center\" data-l-arrow-h-position=\"left\" data-ls-fill-dt=\"fill\" data-ls-fill-tablet=\"\" data-pt-fill-dt=\"fit\" data-pt-fill-tablet=\"\" data-pt-fill-mob=\"\" data-ls-fill-mob=\"\" data-padding-top=\"0\" data-padding-bottom=\"0\" data-padding-side=\"0\" data-padding-left=\"0\" data-t-padding-top=\"0\" data-t-padding-bottom=\"0\" data-t-padding-side=\"0\" data-t-padding-left=\"0\" data-m-padding-top=\"0\" data-m-padding-bottom=\"0\" data-m-padding-side=\"0\" data-m-padding-left=\"0\" data-ls-max=\"100\" data-t-ls-max=\"0\" data-m-ls-max=\"0\" data-ls-min=\"0\" data-t-ls-min=\"0\" data-m-ls-min=\"0\" data-pt-max=\"100\" data-t-pt-max=\"0\" data-m-pt-max=\"0\" data-pt-min=\"0\" data-t-pt-min=\"0\" data-m-pt-min=\"0\" data-height=\"300\" data-tablet-height=\"0\" data-mobile-height=\"0\">\n\t\t\t<div class=\"photoSlider\">\n\t\t\t\t<figure data-width=\"619\" data-height=\"395\"><a href=\" https:\/\/ubcgroups.com\/wp-content\/uploads\/2021\/05\/orginal-logo.png \"<a class=\"post-thumbnail-rollover layzr-bg\" title=\"orginal logo\" aria-label=\"Post image\"><img fetchpriority=\"high\" decoding=\"async\" src=\"data:image\/svg+xml,%3Csvg%20xmlns%3D&#39;http%3A%2F%2Fwww.w3.org%2F2000%2Fsvg&#39;%20viewBox%3D&#39;0%200%20619%20395&#39;%2F%3E\" data-src=\"https:\/\/ubcgroups.com\/wp-content\/uploads\/2021\/05\/orginal-logo.png\" data-srcset=\"https:\/\/ubcgroups.com\/wp-content\/uploads\/2021\/05\/orginal-logo.png 619w\" loading=\"eager\" style=\"--ratio: 619 \/ 395\" sizes=\"(max-width: 619px) 100vw, 619px\" class=\"preload-me photo-thumb-lazy-load aspect\" width=\"619\" height=\"395\"  alt=\"\" title=\"orginal logo\" \/><\/a><\/a><\/figure><figure data-width=\"3334\" data-height=\"3334\"><a href=\" https:\/\/ubcgroups.com\/wp-content\/uploads\/2023\/06\/ALL-LOGOS-08.png \"<a class=\"post-thumbnail-rollover layzr-bg\" title=\"ALL LOGOS-08\" aria-label=\"Post image\"><img decoding=\"async\" src=\"data:image\/svg+xml,%3Csvg%20xmlns%3D&#39;http%3A%2F%2Fwww.w3.org%2F2000%2Fsvg&#39;%20viewBox%3D&#39;0%200%203334%203334&#39;%2F%3E\" data-src=\"https:\/\/ubcgroups.com\/wp-content\/uploads\/2023\/06\/ALL-LOGOS-08.png\" data-srcset=\"https:\/\/ubcgroups.com\/wp-content\/uploads\/2023\/06\/ALL-LOGOS-08.png 3334w\" loading=\"eager\" style=\"--ratio: 3334 \/ 3334\" sizes=\"(max-width: 3334px) 100vw, 3334px\" class=\"preload-me photo-thumb-lazy-load aspect\" width=\"3334\" height=\"3334\"  alt=\"\" title=\"ALL LOGOS-08\" \/><\/a><\/a><\/figure>\t\t\t<\/div>\n\t\t\t<div class=\"btn-cntr\">\n\t\t\t\t<a href=\"#\" class=\"hide-thumb-btn\"><\/a>\n\t\t\t\t<a href=\"#\" class=\"auto-play-btn\"><\/a>\n\t\t\t\t<a href=\"#\" class=\"full-screen-btn\"><\/a>\n\t\t\t<\/div>\n\t\t<\/div>\n\t\t\t\t<\/div>\n\t\t\t\t<\/div>\n\t\t\t\t\t<\/div>\n\t\t<\/div>\n\t\t\t\t\t\t\t<\/div>\n\t\t<\/section>\n\t\t\t\t\t\t\t<\/div>","protected":false},"excerpt":{"rendered":"<p>We provide a comprehensive range of services to all of our employees and the institutions we serve https:\/\/youtu.be\/mZoT7MhB6VI UBC Group, a prominent player in the recruitment sector, operates through its recruitment company called UBC \u0130\u015fkur in Turkey. UBC \u0130\u015fkur specializes in providing comprehensive recruitment services specifically tailored for the hotel and factory industries. With its&hellip;<\/p>","protected":false},"author":3,"featured_media":3736,"parent":0,"menu_order":0,"comment_status":"closed","ping_status":"closed","template":"","meta":{"footnotes":""},"class_list":["post-3428","page","type-page","status-publish","has-post-thumbnail","hentry"],"_links":{"self":[{"href":"https:\/\/ubcgroups.com\/ar\/wp-json\/wp\/v2\/pages\/3428","targetHints":{"allow":["GET"]}}],"collection":[{"href":"https:\/\/ubcgroups.com\/ar\/wp-json\/wp\/v2\/pages"}],"about":[{"href":"https:\/\/ubcgroups.com\/ar\/wp-json\/wp\/v2\/types\/page"}],"author":[{"embeddable":true,"href":"https:\/\/ubcgroups.com\/ar\/wp-json\/wp\/v2\/users\/3"}],"replies":[{"embeddable":true,"href":"https:\/\/ubcgroups.com\/ar\/wp-json\/wp\/v2\/comments?post=3428"}],"version-history":[{"count":0,"href":"https:\/\/ubcgroups.com\/ar\/wp-json\/wp\/v2\/pages\/3428\/revisions"}],"wp:featuredmedia":[{"embeddable":true,"href":"https:\/\/ubcgroups.com\/ar\/wp-json\/wp\/v2\/media\/3736"}],"wp:attachment":[{"href":"https:\/\/ubcgroups.com\/ar\/wp-json\/wp\/v2\/media?parent=3428"}],"curies":[{"name":"wp","href":"https:\/\/api.w.org\/{rel}","templated":true}]}}